{"id":22655,"date":"2024-04-08T13:13:54","date_gmt":"2024-04-08T11:13:54","guid":{"rendered":"https:\/\/scheer-pas.net\/?page_id=22655"},"modified":"2025-03-19T08:32:58","modified_gmt":"2025-03-19T07:32:58","slug":"scheer-pas-notes-on-data-protection","status":"publish","type":"page","link":"https:\/\/scheer-pas.com\/en\/company-scheer-pas\/scheer-pas-notes-on-data-protection\/","title":{"rendered":"Privacy Notice"},"content":{"rendered":"<div data-elementor-type=\"wp-page\" data-elementor-id=\"22655\" class=\"elementor elementor-22655\" data-elementor-post-type=\"page\">\n\t\t\t\t<div class=\"elementor-element elementor-element-63fdfd4 e-flex e-con-boxed e-con e-parent\" data-id=\"63fdfd4\" data-element_type=\"container\" data-settings=\"{&quot;background_background&quot;:&quot;classic&quot;}\">\n\t\t\t\t\t<div class=\"e-con-inner\">\n\t\t<div class=\"elementor-element elementor-element-152990f e-con-full e-flex e-con e-child\" data-id=\"152990f\" data-element_type=\"container\">\n\t\t<div class=\"elementor-element elementor-element-a73bc5a e-con-full e-flex e-con e-child\" data-id=\"a73bc5a\" data-element_type=\"container\" data-settings=\"{&quot;animation&quot;:&quot;none&quot;}\">\n\t\t\t\t<div class=\"elementor-element elementor-element-a8c3523 elementor-widget elementor-widget-elementskit-heading\" data-id=\"a8c3523\" data-element_type=\"widget\" data-widget_type=\"elementskit-heading.default\">\n\t\t\t\t\t<div class=\"ekit-wid-con\" ><div class=\"ekit-heading elementskit-section-title-wraper text_left   ekit_heading_tablet-   ekit_heading_mobile-\"><h2 class=\"ekit-heading--title elementskit-section-title\">Privacy Notice<\/h2><\/div><\/div>\t\t\t\t<\/div>\n\t\t\t\t<\/div>\n\t\t\t\t<\/div>\n\t\t\t\t\t<\/div>\n\t\t\t\t<\/div>\n\t\t<div class=\"elementor-element elementor-element-35acefd e-flex e-con-boxed e-con e-parent\" data-id=\"35acefd\" data-element_type=\"container\" data-settings=\"{&quot;animation&quot;:&quot;none&quot;}\">\n\t\t\t\t\t<div class=\"e-con-inner\">\n\t\t<div class=\"elementor-element elementor-element-9ecb96a e-con-full e-flex e-con e-child\" data-id=\"9ecb96a\" data-element_type=\"container\">\n\t\t<div class=\"elementor-element elementor-element-40af175 e-con-full sticky-section e-flex e-con e-child\" data-id=\"40af175\" data-element_type=\"container\">\n\t\t<div class=\"elementor-element elementor-element-ccb671c e-con-full e-flex e-con e-child\" data-id=\"ccb671c\" data-element_type=\"container\" id=\"section22\">\n\t\t\t\t<div class=\"elementor-element elementor-element-a7a7f9a elementor-widget elementor-widget-spacer\" data-id=\"a7a7f9a\" data-element_type=\"widget\" data-widget_type=\"spacer.default\">\n\t\t\t\t\t\t\t<div class=\"elementor-spacer\">\n\t\t\t<div class=\"elementor-spacer-inner\"><\/div>\n\t\t<\/div>\n\t\t\t\t\t\t<\/div>\n\t\t\t\t<div class=\"elementor-element elementor-element-4f7c018 animated-fast elementor-widget elementor-widget-elementskit-heading\" data-id=\"4f7c018\" data-element_type=\"widget\" data-settings=\"{&quot;_animation&quot;:&quot;none&quot;}\" data-widget_type=\"elementskit-heading.default\">\n\t\t\t\t\t<div class=\"ekit-wid-con\" ><div class=\"ekit-heading elementskit-section-title-wraper text_left   ekit_heading_tablet-   ekit_heading_mobile-\"><h3 class=\"ekit-heading--title elementskit-section-title\">Privacy Notice<\/h3><\/div><\/div>\t\t\t\t<\/div>\n\t\t\t\t<\/div>\n\t\t<div class=\"elementor-element elementor-element-874bba0 e-con-full e-flex e-con e-child\" data-id=\"874bba0\" data-element_type=\"container\">\n\t\t\t\t<div class=\"elementor-element elementor-element-a824468 elementor-widget elementor-widget-text-editor\" data-id=\"a824468\" data-element_type=\"widget\" data-widget_type=\"text-editor.default\">\n\t\t\t\t\t\t\t\t\t<h5 class=\"widget-headline__headline h4 black\">Whether you are a customer or prospective customer, supplier or service provider, participant in one of our events, visitor to our website or in any other contact with us, the following applies: We respect and protect your privacy!<\/h5>\t\t\t\t\t\t\t\t<\/div>\n\t\t\t\t<div class=\"elementor-element elementor-element-f651838 elementor-widget elementor-widget-text-editor\" data-id=\"f651838\" data-element_type=\"widget\" data-widget_type=\"text-editor.default\">\n\t\t\t\t\t\t\t\t\t<p class=\"widget-headline__headline h4 black\">Below you will find an overview of which of your personal data we process and in which context, e.g. as a contact or contact person for our customers and business partners.<br \/><br \/>Which data is processed in detail and how it is used depends largely on the individually requested, agreed or provided services. Therefore, not all of the following information may apply to you.<br \/><br \/>We will also inform you about your rights under applicable data protection law and tell you who you can contact if you have any questions.<\/p>\t\t\t\t\t\t\t\t<\/div>\n\t\t\t\t<\/div>\n\t\t\t\t<\/div>\n\t\t\t\t<\/div>\n\t\t\t\t\t<\/div>\n\t\t\t\t<\/div>\n\t\t<div class=\"elementor-element elementor-element-d86a589 e-flex e-con-boxed e-con e-parent\" data-id=\"d86a589\" data-element_type=\"container\">\n\t\t\t\t\t<div class=\"e-con-inner\">\n\t\t<div class=\"elementor-element elementor-element-b5a8735 e-flex e-con-boxed e-con e-child\" data-id=\"b5a8735\" data-element_type=\"container\">\n\t\t\t\t\t<div class=\"e-con-inner\">\n\t\t<div class=\"elementor-element elementor-element-adca993 e-con-full e-flex e-con e-child\" data-id=\"adca993\" data-element_type=\"container\">\n\t\t\t\t<div data-wrapper-link=\"{&quot;url&quot;:&quot;https:\\\/\\\/scheer-pas.com\\\/en\\\/company-scheer-pas\\\/data-protection-information-for-visitors-to-our-website\\\/&quot;,&quot;is_external&quot;:&quot;&quot;,&quot;nofollow&quot;:&quot;&quot;,&quot;custom_attributes&quot;:&quot;&quot;}\" style=\"cursor: pointer\" class=\"elementor-element elementor-element-bbc187a widget-link-underline animated-fast ekit-equal-height-enable elementor-widget elementor-widget-elementskit-icon-box\" data-id=\"bbc187a\" data-element_type=\"widget\" data-settings=\"{&quot;_animation&quot;:&quot;none&quot;}\" data-widget_type=\"elementskit-icon-box.default\">\n\t\t\t\t\t<div class=\"ekit-wid-con\" >        <!-- link opening -->\n                <!-- end link opening -->\n\n        <div class=\"elementskit-infobox text-left text-left icon-top-align elementor-animation-\">\n                    <div class=\"elementskit-box-header elementor-animation-\">\n                <div class=\"elementskit-info-box-icon\">\n                    <i aria-hidden=\"true\" class=\"elementkit-infobox-icon icon icon-Document-Search\"><\/i>\n                <\/div>\n          <\/div>\n                        <div class=\"box-body\">\n                            <h3 class=\"elementskit-info-box-title\">\n                    Data protection information for visitors to our website                <\/h3>\n                                            <\/div>\n        \n        \n                <\/div>\n        <\/div>\t\t\t\t<\/div>\n\t\t\t\t<\/div>\n\t\t<div class=\"elementor-element elementor-element-3ece098 e-con-full e-flex e-con e-child\" data-id=\"3ece098\" data-element_type=\"container\">\n\t\t\t\t<div data-wrapper-link=\"{&quot;url&quot;:&quot;https:\\\/\\\/scheer-pas.com\\\/en\\\/company-scheer-pas\\\/data-protection-information-for-customers-and-interested-parties\\\/&quot;,&quot;is_external&quot;:&quot;&quot;,&quot;nofollow&quot;:&quot;&quot;,&quot;custom_attributes&quot;:&quot;&quot;}\" style=\"cursor: pointer\" class=\"elementor-element elementor-element-06dd065 widget-link-underline animated-fast ekit-equal-height-enable elementor-widget elementor-widget-elementskit-icon-box\" data-id=\"06dd065\" data-element_type=\"widget\" data-settings=\"{&quot;_animation&quot;:&quot;none&quot;}\" data-widget_type=\"elementskit-icon-box.default\">\n\t\t\t\t\t<div class=\"ekit-wid-con\" >        <!-- link opening -->\n                <!-- end link opening -->\n\n        <div class=\"elementskit-infobox text-left text-left icon-top-align elementor-animation-\">\n                    <div class=\"elementskit-box-header elementor-animation-\">\n                <div class=\"elementskit-info-box-icon\">\n                    <i aria-hidden=\"true\" class=\"elementkit-infobox-icon icon icon-Document-Search\"><\/i>\n                <\/div>\n          <\/div>\n                        <div class=\"box-body\">\n                            <h3 class=\"elementskit-info-box-title\">\n                    Data protection information for customers and interested parties                <\/h3>\n                                            <\/div>\n        \n        \n                <\/div>\n        <\/div>\t\t\t\t<\/div>\n\t\t\t\t<\/div>\n\t\t<div class=\"elementor-element elementor-element-f4dd1af e-con-full e-flex e-con e-child\" data-id=\"f4dd1af\" data-element_type=\"container\">\n\t\t\t\t<div data-wrapper-link=\"{&quot;url&quot;:&quot;https:\\\/\\\/scheer-pas.com\\\/en\\\/company-scheer-pas\\\/data-protection-information-for-participants-in-online-meetings-via-microsoft-services\\\/&quot;,&quot;is_external&quot;:&quot;&quot;,&quot;nofollow&quot;:&quot;&quot;,&quot;custom_attributes&quot;:&quot;&quot;}\" style=\"cursor: pointer\" class=\"elementor-element elementor-element-110aa51 widget-link-underline animated-fast ekit-equal-height-enable elementor-widget elementor-widget-elementskit-icon-box\" data-id=\"110aa51\" data-element_type=\"widget\" data-settings=\"{&quot;_animation&quot;:&quot;none&quot;}\" data-widget_type=\"elementskit-icon-box.default\">\n\t\t\t\t\t<div class=\"ekit-wid-con\" >        <!-- link opening -->\n                <!-- end link opening -->\n\n        <div class=\"elementskit-infobox text-left text-left icon-top-align elementor-animation-\">\n                    <div class=\"elementskit-box-header elementor-animation-\">\n                <div class=\"elementskit-info-box-icon\">\n                    <i aria-hidden=\"true\" class=\"elementkit-infobox-icon icon icon-Document-Search\"><\/i>\n                <\/div>\n          <\/div>\n                        <div class=\"box-body\">\n                            <h3 class=\"elementskit-info-box-title\">\n                    Data protection information for participants in online meetings via Microsoft services                <\/h3>\n                                            <\/div>\n        \n        \n                <\/div>\n        <\/div>\t\t\t\t<\/div>\n\t\t\t\t<\/div>\n\t\t<div class=\"elementor-element elementor-element-2b12765 e-con-full e-flex e-con e-child\" data-id=\"2b12765\" data-element_type=\"container\">\n\t\t\t\t<div data-wrapper-link=\"{&quot;url&quot;:&quot;https:\\\/\\\/scheer-pas.com\\\/en\\\/company-scheer-pas\\\/data-protection-notice-for-the-whistleblower-system\\\/&quot;,&quot;is_external&quot;:&quot;&quot;,&quot;nofollow&quot;:&quot;&quot;,&quot;custom_attributes&quot;:&quot;&quot;}\" style=\"cursor: pointer\" class=\"elementor-element elementor-element-e53d2ba widget-link-underline animated-fast ekit-equal-height-enable elementor-widget elementor-widget-elementskit-icon-box\" data-id=\"e53d2ba\" data-element_type=\"widget\" data-settings=\"{&quot;_animation&quot;:&quot;none&quot;}\" data-widget_type=\"elementskit-icon-box.default\">\n\t\t\t\t\t<div class=\"ekit-wid-con\" >        <!-- link opening -->\n                <!-- end link opening -->\n\n        <div class=\"elementskit-infobox text-left text-left icon-top-align elementor-animation-\">\n                    <div class=\"elementskit-box-header elementor-animation-\">\n                <div class=\"elementskit-info-box-icon\">\n                    <i aria-hidden=\"true\" class=\"elementkit-infobox-icon icon icon-Document-Search\"><\/i>\n                <\/div>\n          <\/div>\n                        <div class=\"box-body\">\n                            <h3 class=\"elementskit-info-box-title\">\n                    Data protection notice for the whistleblower system                <\/h3>\n                                            <\/div>\n        \n        \n                <\/div>\n        <\/div>\t\t\t\t<\/div>\n\t\t\t\t<\/div>\n\t\t\t\t\t<\/div>\n\t\t\t\t<\/div>\n\t\t\t\t\t<\/div>\n\t\t\t\t<\/div>\n\t\t\t\t<\/div>","protected":false},"excerpt":{"rendered":"<p>Information on data protection Information on data protection Whether you are a customer or prospective customer, supplier or service provider, participant in one of our events, visitor to our website or have any other contact with us, the following applies: We respect and protect your privacy! Below you can get an overview of which personal data we collect from you in which context, e.g. [...].<\/p>","protected":false},"author":2,"featured_media":0,"parent":22235,"menu_order":0,"comment_status":"closed","ping_status":"closed","template":"","meta":{"bwfblock_default_font":"","content-type":"","footnotes":""},"class_list":["post-22655","page","type-page","status-publish","hentry"],"yoast_head":"<!-- This site is optimized with the Yoast SEO Premium plugin v26.2 (Yoast SEO v26.2) - https:\/\/yoast.com\/wordpress\/plugins\/seo\/ -->\n<title>Hinweise zum Datenschutz - Scheer PAS<\/title>\n<meta name=\"robots\" content=\"index, follow, max-snippet:-1, max-image-preview:large, max-video-preview:-1\" \/>\n<link rel=\"canonical\" href=\"https:\/\/scheer-pas.com\/en\/company-scheer-pas\/scheer-pas-notes-on-data-protection\/\" \/>\n<meta property=\"og:locale\" content=\"en_GB\" \/>\n<meta property=\"og:type\" content=\"article\" \/>\n<meta property=\"og:title\" content=\"Hinweise zum Datenschutz\" \/>\n<meta property=\"og:description\" content=\"Hinweise zum Datenschutz Hinweise zum Datenschutz Ob Sie Kunde oder Interessent, Lieferant oder Dienstleister, Teilnehmer an einer unserer Veranstaltungen, Besucher unserer Website oder in einem anderen Kontakt zu uns stehen, gilt: Wir respektieren und sch\u00fctzen Ihre Privatsph\u00e4re! Im Folgenden k\u00f6nnen Sie sich einen \u00dcberblick verschaffen, welche personenbezogenen Daten wir in welchem Kontext von Ihnen, z.B. [&hellip;]\" \/>\n<meta property=\"og:url\" content=\"https:\/\/scheer-pas.com\/en\/company-scheer-pas\/scheer-pas-notes-on-data-protection\/\" \/>\n<meta property=\"og:site_name\" content=\"Scheer PAS\" \/>\n<meta property=\"article:publisher\" content=\"https:\/\/www.facebook.com\/ScheerPAS\" \/>\n<meta property=\"article:modified_time\" content=\"2025-03-19T07:32:58+00:00\" \/>\n<meta property=\"og:image\" content=\"https:\/\/scheer-pas.com\/wp-content\/uploads\/2025\/03\/Scheer-PAS-Homepage-header-1.jpg\" \/>\n\t<meta property=\"og:image:width\" content=\"1250\" \/>\n\t<meta property=\"og:image:height\" content=\"833\" \/>\n\t<meta property=\"og:image:type\" content=\"image\/jpeg\" \/>\n<meta name=\"twitter:card\" content=\"summary_large_image\" \/>\n<meta name=\"twitter:label1\" content=\"Est. reading time\" \/>\n\t<meta name=\"twitter:data1\" content=\"1 minute\" \/>\n<script type=\"application\/ld+json\" class=\"yoast-schema-graph\">{\"@context\":\"https:\/\/schema.org\",\"@graph\":[{\"@type\":\"WebPage\",\"@id\":\"https:\/\/scheer-pas.com\/unternehmen-scheer-pas\/scheer-pas-hinweise-zum-datenschutz\/\",\"url\":\"https:\/\/scheer-pas.com\/unternehmen-scheer-pas\/scheer-pas-hinweise-zum-datenschutz\/\",\"name\":\"Hinweise zum Datenschutz - Scheer PAS\",\"isPartOf\":{\"@id\":\"https:\/\/scheer-pas.com\/#website\"},\"datePublished\":\"2024-04-08T11:13:54+00:00\",\"dateModified\":\"2025-03-19T07:32:58+00:00\",\"breadcrumb\":{\"@id\":\"https:\/\/scheer-pas.com\/unternehmen-scheer-pas\/scheer-pas-hinweise-zum-datenschutz\/#breadcrumb\"},\"inLanguage\":\"en-GB\",\"potentialAction\":[{\"@type\":\"ReadAction\",\"target\":[\"https:\/\/scheer-pas.com\/unternehmen-scheer-pas\/scheer-pas-hinweise-zum-datenschutz\/\"]}]},{\"@type\":\"BreadcrumbList\",\"@id\":\"https:\/\/scheer-pas.com\/unternehmen-scheer-pas\/scheer-pas-hinweise-zum-datenschutz\/#breadcrumb\",\"itemListElement\":[{\"@type\":\"ListItem\",\"position\":1,\"name\":\"Home\",\"item\":\"https:\/\/scheer-pas.com\/\"},{\"@type\":\"ListItem\",\"position\":2,\"name\":\"Unternehmen\",\"item\":\"https:\/\/scheer-pas.com\/unternehmen-scheer-pas\/\"},{\"@type\":\"ListItem\",\"position\":3,\"name\":\"Hinweise zum Datenschutz\"}]},{\"@type\":\"WebSite\",\"@id\":\"https:\/\/scheer-pas.com\/#website\",\"url\":\"https:\/\/scheer-pas.com\/\",\"name\":\"Scheer PAS\",\"description\":\"Die Process iPaaS\",\"publisher\":{\"@id\":\"https:\/\/scheer-pas.com\/#organization\"},\"potentialAction\":[{\"@type\":\"SearchAction\",\"target\":{\"@type\":\"EntryPoint\",\"urlTemplate\":\"https:\/\/scheer-pas.com\/?s={search_term_string}\"},\"query-input\":{\"@type\":\"PropertyValueSpecification\",\"valueRequired\":true,\"valueName\":\"search_term_string\"}}],\"inLanguage\":\"en-GB\"},{\"@type\":\"Organization\",\"@id\":\"https:\/\/scheer-pas.com\/#organization\",\"name\":\"Scheer PAS\",\"url\":\"https:\/\/scheer-pas.com\/\",\"logo\":{\"@type\":\"ImageObject\",\"inLanguage\":\"en-GB\",\"@id\":\"https:\/\/scheer-pas.com\/#\/schema\/logo\/image\/\",\"url\":\"https:\/\/scheer-pas.com\/wp-content\/uploads\/2025\/03\/Scheer-PAS-Logo-only.png\",\"contentUrl\":\"https:\/\/scheer-pas.com\/wp-content\/uploads\/2025\/03\/Scheer-PAS-Logo-only.png\",\"width\":611,\"height\":629,\"caption\":\"Scheer PAS\"},\"image\":{\"@id\":\"https:\/\/scheer-pas.com\/#\/schema\/logo\/image\/\"},\"sameAs\":[\"https:\/\/www.facebook.com\/ScheerPAS\",\"https:\/\/www.linkedin.com\/company\/scheer-pas\/\"]}]}<\/script>\n<!-- \/ Yoast SEO Premium plugin. -->","yoast_head_json":{"title":"Notes on data protection - Scheer PAS","robots":{"index":"index","follow":"follow","max-snippet":"max-snippet:-1","max-image-preview":"max-image-preview:large","max-video-preview":"max-video-preview:-1"},"canonical":"https:\/\/scheer-pas.com\/en\/company-scheer-pas\/scheer-pas-notes-on-data-protection\/","og_locale":"en_GB","og_type":"article","og_title":"Hinweise zum Datenschutz","og_description":"Hinweise zum Datenschutz Hinweise zum Datenschutz Ob Sie Kunde oder Interessent, Lieferant oder Dienstleister, Teilnehmer an einer unserer Veranstaltungen, Besucher unserer Website oder in einem anderen Kontakt zu uns stehen, gilt: Wir respektieren und sch\u00fctzen Ihre Privatsph\u00e4re! Im Folgenden k\u00f6nnen Sie sich einen \u00dcberblick verschaffen, welche personenbezogenen Daten wir in welchem Kontext von Ihnen, z.B. [&hellip;]","og_url":"https:\/\/scheer-pas.com\/en\/company-scheer-pas\/scheer-pas-notes-on-data-protection\/","og_site_name":"Scheer PAS","article_publisher":"https:\/\/www.facebook.com\/ScheerPAS","article_modified_time":"2025-03-19T07:32:58+00:00","og_image":[{"width":1250,"height":833,"url":"https:\/\/scheer-pas.com\/wp-content\/uploads\/2025\/03\/Scheer-PAS-Homepage-header-1.jpg","type":"image\/jpeg"}],"twitter_card":"summary_large_image","twitter_misc":{"Est. reading time":"1 minute"},"schema":{"@context":"https:\/\/schema.org","@graph":[{"@type":"WebPage","@id":"https:\/\/scheer-pas.com\/unternehmen-scheer-pas\/scheer-pas-hinweise-zum-datenschutz\/","url":"https:\/\/scheer-pas.com\/unternehmen-scheer-pas\/scheer-pas-hinweise-zum-datenschutz\/","name":"Notes on data protection - Scheer PAS","isPartOf":{"@id":"https:\/\/scheer-pas.com\/#website"},"datePublished":"2024-04-08T11:13:54+00:00","dateModified":"2025-03-19T07:32:58+00:00","breadcrumb":{"@id":"https:\/\/scheer-pas.com\/unternehmen-scheer-pas\/scheer-pas-hinweise-zum-datenschutz\/#breadcrumb"},"inLanguage":"en-GB","potentialAction":[{"@type":"ReadAction","target":["https:\/\/scheer-pas.com\/unternehmen-scheer-pas\/scheer-pas-hinweise-zum-datenschutz\/"]}]},{"@type":"BreadcrumbList","@id":"https:\/\/scheer-pas.com\/unternehmen-scheer-pas\/scheer-pas-hinweise-zum-datenschutz\/#breadcrumb","itemListElement":[{"@type":"ListItem","position":1,"name":"Home","item":"https:\/\/scheer-pas.com\/"},{"@type":"ListItem","position":2,"name":"Unternehmen","item":"https:\/\/scheer-pas.com\/unternehmen-scheer-pas\/"},{"@type":"ListItem","position":3,"name":"Hinweise zum Datenschutz"}]},{"@type":"WebSite","@id":"https:\/\/scheer-pas.com\/#website","url":"https:\/\/scheer-pas.com\/","name":"Scheer PAS","description":"The Process iPaaS","publisher":{"@id":"https:\/\/scheer-pas.com\/#organization"},"potentialAction":[{"@type":"SearchAction","target":{"@type":"EntryPoint","urlTemplate":"https:\/\/scheer-pas.com\/?s={search_term_string}"},"query-input":{"@type":"PropertyValueSpecification","valueRequired":true,"valueName":"search_term_string"}}],"inLanguage":"en-GB"},{"@type":"Organization","@id":"https:\/\/scheer-pas.com\/#organization","name":"Scheer PAS","url":"https:\/\/scheer-pas.com\/","logo":{"@type":"ImageObject","inLanguage":"en-GB","@id":"https:\/\/scheer-pas.com\/#\/schema\/logo\/image\/","url":"https:\/\/scheer-pas.com\/wp-content\/uploads\/2025\/03\/Scheer-PAS-Logo-only.png","contentUrl":"https:\/\/scheer-pas.com\/wp-content\/uploads\/2025\/03\/Scheer-PAS-Logo-only.png","width":611,"height":629,"caption":"Scheer PAS"},"image":{"@id":"https:\/\/scheer-pas.com\/#\/schema\/logo\/image\/"},"sameAs":["https:\/\/www.facebook.com\/ScheerPAS","https:\/\/www.linkedin.com\/company\/scheer-pas\/"]}]}},"_links":{"self":[{"href":"https:\/\/scheer-pas.com\/en\/wp-json\/wp\/v2\/pages\/22655","targetHints":{"allow":["GET"]}}],"collection":[{"href":"https:\/\/scheer-pas.com\/en\/wp-json\/wp\/v2\/pages"}],"about":[{"href":"https:\/\/scheer-pas.com\/en\/wp-json\/wp\/v2\/types\/page"}],"author":[{"embeddable":true,"href":"https:\/\/scheer-pas.com\/en\/wp-json\/wp\/v2\/users\/2"}],"replies":[{"embeddable":true,"href":"https:\/\/scheer-pas.com\/en\/wp-json\/wp\/v2\/comments?post=22655"}],"version-history":[{"count":10,"href":"https:\/\/scheer-pas.com\/en\/wp-json\/wp\/v2\/pages\/22655\/revisions"}],"predecessor-version":[{"id":32379,"href":"https:\/\/scheer-pas.com\/en\/wp-json\/wp\/v2\/pages\/22655\/revisions\/32379"}],"up":[{"embeddable":true,"href":"https:\/\/scheer-pas.com\/en\/wp-json\/wp\/v2\/pages\/22235"}],"wp:attachment":[{"href":"https:\/\/scheer-pas.com\/en\/wp-json\/wp\/v2\/media?parent=22655"}],"curies":[{"name":"wp","href":"https:\/\/api.w.org\/{rel}","templated":true}]}}